{"id":2307,"date":"2022-09-17T20:24:28","date_gmt":"2022-09-18T00:24:28","guid":{"rendered":"https:\/\/art2022.mtlconnecte.ca\/?page_id=2307"},"modified":"2022-11-01T15:22:39","modified_gmt":"2022-11-01T19:22:39","slug":"education","status":"publish","type":"page","link":"https:\/\/art2022.mtlconnecte.ca\/fr\/education\/","title":{"rendered":"\u00c9ducation"},"content":{"rendered":"\t\t<div data-elementor-type=\"wp-page\" data-elementor-id=\"2307\" class=\"elementor elementor-2307 elementor-1940\">\n\t\t\t\t\t\t<div class=\"elementor-inner\">\n\t\t\t\t<div class=\"elementor-section-wrap\">\n\t\t\t\t\t\t\t\t\t<section class=\"elementor-section elementor-top-section elementor-element elementor-element-6384bdc elementor-section-boxed elementor-section-height-default elementor-section-height-default parallax_section_no qode_elementor_container_no\" data-id=\"6384bdc\" data-element_type=\"section\">\n\t\t\t\t\t\t<div class=\"elementor-container elementor-column-gap-default\">\n\t\t\t\t\t\t\t<div class=\"elementor-row\">\n\t\t\t\t\t<div class=\"elementor-column elementor-col-100 elementor-top-column elementor-element elementor-element-e4a77da\" data-id=\"e4a77da\" data-element_type=\"column\">\n\t\t\t<div class=\"elementor-column-wrap elementor-element-populated\">\n\t\t\t\t\t\t\t<div class=\"elementor-widget-wrap\">\n\t\t\t\t\t\t<div class=\"elementor-element elementor-element-725183e elementor-widget elementor-widget-text-editor\" data-id=\"725183e\" data-element_type=\"widget\" data-widget_type=\"text-editor.default\">\n\t\t\t\t<div class=\"elementor-widget-container\">\n\t\t\t\t\t\t\t\t<div class=\"elementor-text-editor elementor-clearfix\">\n\t\t\t\t<h1><b>\u00c9ducation<\/b><\/h1>\t\t\t\t\t<\/div>\n\t\t\t\t\t\t<\/div>\n\t\t\t\t<\/div>\n\t\t\t\t<div class=\"elementor-element elementor-element-0fbba33 elementor-widget elementor-widget-text-editor\" data-id=\"0fbba33\" data-element_type=\"widget\" data-widget_type=\"text-editor.default\">\n\t\t\t\t<div class=\"elementor-widget-container\">\n\t\t\t\t\t\t\t\t<div class=\"elementor-text-editor elementor-clearfix\">\n\t\t\t\t<p>Au Printemps num\u00e9rique nous croyons que l&rsquo;engagement des visiteurs suscite et permet d&rsquo;approfondir les liens avec l&rsquo;art contemporain. Et ce en cr\u00e9ant des conversations stimulantes, en soulevant des questions cl\u00e9s et en partageant des id\u00e9es sur les \u0153uvres d&rsquo;art et les th\u00e8mes explor\u00e9s dans l&rsquo;exposition.\u00a0<\/p><p>\u00a0<\/p><p>Nous visons \u00e0 :\u00a0<\/p><p>\u00a0<\/p><ul><li aria-level=\"1\">Cr\u00e9er une exp\u00e9rience accueillante en galerie qui permet\u00a0 la cr\u00e9ation de sens personnel ;<\/li><li aria-level=\"1\">Nourrir le savoir \u00e0 travers des exp\u00e9riences artistiques et la cr\u00e9ation de recherche ;<\/li><li aria-level=\"1\">Rendre l&rsquo;\u00e9ducation plus collaborative et inclusive ;<\/li><li aria-level=\"1\">D\u00e9mocratiser l\u2019art et son pouvoir transformateur.<\/li><\/ul>\t\t\t\t\t<\/div>\n\t\t\t\t\t\t<\/div>\n\t\t\t\t<\/div>\n\t\t\t\t<div class=\"elementor-element elementor-element-763e6cb elementor-widget elementor-widget-image\" data-id=\"763e6cb\" data-element_type=\"widget\" data-widget_type=\"image.default\">\n\t\t\t\t<div class=\"elementor-widget-container\">\n\t\t\t\t\t\t\t\t<div class=\"elementor-image\">\n\t\t\t\t\t\t\t\t\t\t\t\t<img width=\"1024\" height=\"683\" src=\"https:\/\/art2022.mtlconnecte.ca\/wp-content\/uploads\/2022\/09\/Mediation-1024x683.jpg\" class=\"attachment-large size-large\" alt=\"\" loading=\"lazy\" srcset=\"https:\/\/art2022.mtlconnecte.ca\/wp-content\/uploads\/2022\/09\/Mediation-1024x683.jpg 1024w, https:\/\/art2022.mtlconnecte.ca\/wp-content\/uploads\/2022\/09\/Mediation-300x200.jpg 300w, https:\/\/art2022.mtlconnecte.ca\/wp-content\/uploads\/2022\/09\/Mediation-768x512.jpg 768w, https:\/\/art2022.mtlconnecte.ca\/wp-content\/uploads\/2022\/09\/Mediation-1536x1024.jpg 1536w, https:\/\/art2022.mtlconnecte.ca\/wp-content\/uploads\/2022\/09\/Mediation-700x467.jpg 700w, https:\/\/art2022.mtlconnecte.ca\/wp-content\/uploads\/2022\/09\/Mediation.jpg 2048w\" sizes=\"(max-width: 1024px) 100vw, 1024px\" \/>\t\t\t\t\t\t\t\t\t\t\t\t\t\t<\/div>\n\t\t\t\t\t\t<\/div>\n\t\t\t\t<\/div>\n\t\t\t\t<div class=\"elementor-element elementor-element-8d5b72c elementor-widget elementor-widget-text-editor\" data-id=\"8d5b72c\" data-element_type=\"widget\" data-widget_type=\"text-editor.default\">\n\t\t\t\t<div class=\"elementor-widget-container\">\n\t\t\t\t\t\t\t\t<div class=\"elementor-text-editor elementor-clearfix\">\n\t\t\t\t<p>Notre \u00e9quipe de m\u00e9diation culturelle propose des visites de groupe sur place et des animations virtuelles en ligne pour les groupes scolaires, universitaires, communautaires et grand public.\u00a0<\/p><p>La visite guid\u00e9e permettra aux participants, quel que soit leur \u00e2ge ou occupation, d\u2019obtenir une meilleure compr\u00e9hension de l\u2019exposition <i>\u00c9co(syst\u00e8mes) d\u2019espoir,<\/i> et des th\u00e9matiques abord\u00e9es, tel que la responsabilit\u00e9 climatique et l\u2019\u00e9quit\u00e9, ainsi que des \u0153uvres et de l\u2019intention des artistes \u00e0 travers leur processus de cr\u00e9ation.<\/p><p>Les visites sont une excellente opportunit\u00e9 pour les \u00e9tudiants, qui y d\u00e9couvriront les possibilit\u00e9s offertes par les technologies num\u00e9riques \u00e0 travers le travail d&rsquo;artistes contemporains canadiens et internationaux qui utilisent des m\u00e9dias tels que la r\u00e9alit\u00e9 virtuelle, la vid\u00e9o et les installations interactives de mani\u00e8re novatrice et exp\u00e9rimentale.\u00a0<\/p><p>Les visites guid\u00e9es comportent \u00e9galement la possibilit\u00e9 d\u2019inclure un atelier cr\u00e9atif, dans lequel les participants pourront s\u2019exprimer et \u00e9changer sur la notion d\u2019espoir, en \u00e9cho avec la fa\u00e7on dont les artistes en communiquent leur propre vision.\u00a0<\/p><p>Gr\u00e2ce \u00e0 nos activit\u00e9s, les \u00e9l\u00e8ves peuvent partager et discuter de leurs points de vue sur des th\u00e8mes pertinents pour les jeunes publics, tels que l&rsquo;avenir, le changement climatique, l&rsquo;espoir et l\u2019acte de prendre soin de ce qui nous entoure.<\/p><h3>\u00a0<\/h3><p><em>Le volet \u00c9ducation et les activit\u00e9s de m\u00e9diation culturelle de l&rsquo;exposition \u00c9co(syst\u00e8mes) d&rsquo;espoir sont commandit\u00e9s par le P\u00f4le lavallois d\u2019enseignement sup\u00e9rieur en arts num\u00e9riques et \u00e9conomie cr\u00e9ative (PLAN)<\/em><i>. <br \/><\/i><\/p>\t\t\t\t\t<\/div>\n\t\t\t\t\t\t<\/div>\n\t\t\t\t<\/div>\n\t\t\t\t\t\t<\/div>\n\t\t\t\t\t<\/div>\n\t\t<\/div>\n\t\t\t\t\t\t\t\t<\/div>\n\t\t\t\t\t<\/div>\n\t\t<\/section>\n\t\t\t\t\t\t\t\t\t<\/div>\n\t\t\t<\/div>\n\t\t\t\t\t<\/div>\n\t\t","protected":false},"excerpt":{"rendered":"<p>\u00c9ducation Au Printemps num\u00e9rique nous croyons que l&rsquo;engagement des visiteurs suscite et permet d&rsquo;approfondir les liens avec l&rsquo;art contemporain. Et ce en cr\u00e9ant des conversations stimulantes, en soulevant des questions cl\u00e9s et en partageant des id\u00e9es sur les \u0153uvres d&rsquo;art et les th\u00e8mes explor\u00e9s dans&#8230;<\/p>\n","protected":false},"author":1,"featured_media":0,"parent":0,"menu_order":0,"comment_status":"closed","ping_status":"closed","template":"","meta":[],"_links":{"self":[{"href":"https:\/\/art2022.mtlconnecte.ca\/fr\/wp-json\/wp\/v2\/pages\/2307"}],"collection":[{"href":"https:\/\/art2022.mtlconnecte.ca\/fr\/wp-json\/wp\/v2\/pages"}],"about":[{"href":"https:\/\/art2022.mtlconnecte.ca\/fr\/wp-json\/wp\/v2\/types\/page"}],"author":[{"embeddable":true,"href":"https:\/\/art2022.mtlconnecte.ca\/fr\/wp-json\/wp\/v2\/users\/1"}],"replies":[{"embeddable":true,"href":"https:\/\/art2022.mtlconnecte.ca\/fr\/wp-json\/wp\/v2\/comments?post=2307"}],"version-history":[{"count":25,"href":"https:\/\/art2022.mtlconnecte.ca\/fr\/wp-json\/wp\/v2\/pages\/2307\/revisions"}],"predecessor-version":[{"id":2985,"href":"https:\/\/art2022.mtlconnecte.ca\/fr\/wp-json\/wp\/v2\/pages\/2307\/revisions\/2985"}],"wp:attachment":[{"href":"https:\/\/art2022.mtlconnecte.ca\/fr\/wp-json\/wp\/v2\/media?parent=2307"}],"curies":[{"name":"wp","href":"https:\/\/api.w.org\/{rel}","templated":true}]}}