{"id":2305,"date":"2020-08-07T02:12:23","date_gmt":"2020-08-07T06:12:23","guid":{"rendered":"https:\/\/art2022.mtlconnecte.ca\/?page_id=2305"},"modified":"2022-10-13T18:20:28","modified_gmt":"2022-10-13T22:20:28","slug":"opuscule","status":"publish","type":"page","link":"https:\/\/art2022.mtlconnecte.ca\/fr\/opuscule\/","title":{"rendered":"Opuscule"},"content":{"rendered":"\t\t<div data-elementor-type=\"wp-page\" data-elementor-id=\"2305\" class=\"elementor elementor-2305 elementor-2\">\n\t\t\t\t\t\t<div class=\"elementor-inner\">\n\t\t\t\t<div class=\"elementor-section-wrap\">\n\t\t\t\t\t\t\t\t\t<section class=\"elementor-section elementor-top-section elementor-element elementor-element-779b502c elementor-section-boxed elementor-section-height-default elementor-section-height-default parallax_section_no qode_elementor_container_no\" data-id=\"779b502c\" data-element_type=\"section\">\n\t\t\t\t\t\t<div class=\"elementor-container elementor-column-gap-default\">\n\t\t\t\t\t\t\t<div class=\"elementor-row\">\n\t\t\t\t\t<div class=\"elementor-column elementor-col-100 elementor-top-column elementor-element elementor-element-50980c16\" data-id=\"50980c16\" data-element_type=\"column\">\n\t\t\t<div class=\"elementor-column-wrap elementor-element-populated\">\n\t\t\t\t\t\t\t<div class=\"elementor-widget-wrap\">\n\t\t\t\t\t\t<div class=\"elementor-element elementor-element-46a5ba59 elementor-widget elementor-widget-text-editor\" data-id=\"46a5ba59\" data-element_type=\"widget\" data-widget_type=\"text-editor.default\">\n\t\t\t\t<div class=\"elementor-widget-container\">\n\t\t\t\t\t\t\t\t<div class=\"elementor-text-editor elementor-clearfix\">\n\t\t\t\t<h1><b>\u00c9co(Syst\u00e8mes) d&rsquo;espoir<\/b><\/h1>\t\t\t\t\t<\/div>\n\t\t\t\t\t\t<\/div>\n\t\t\t\t<\/div>\n\t\t\t\t<div class=\"elementor-element elementor-element-253dc34 elementor-widget elementor-widget-text-editor\" data-id=\"253dc34\" data-element_type=\"widget\" data-widget_type=\"text-editor.default\">\n\t\t\t\t<div class=\"elementor-widget-container\">\n\t\t\t\t\t\t\t\t<div class=\"elementor-text-editor elementor-clearfix\">\n\t\t\t\t<p><strong><span class=\"HwtZe\" lang=\"fr\" style=\"color: #000000;\"><span class=\"jCAhz ChMk0b\"><span class=\"ryNqvb\">Sur l&rsquo;espoir et la vuln\u00e9rabilit\u00e9<\/span><\/span><\/span><\/strong><\/p><p>Au printemps 2020, alors que des mesures de confinement visant \u00e0 limiter la propagation du virus de la COVID-19 \u00e9taient mises en \u0153uvre \u00e0 l&rsquo;\u00e9chelle mondiale, des images d&rsquo;animaux sauvages errant sur les routes, dans les ports et au coeur de villages soudainement devenus paisibles ont fait le tour du Web &#8211; certaines vraies, d&rsquo;autres fictives. Des coyotes ont \u00e9t\u00e9 aper\u00e7us errant dans San\u00a0Francisco ; des pumas se sont livr\u00e9s \u00e0 la sieste dans des rues r\u00e9sidentielles ; des ch\u00e8vres des collines sont descendues dans le village de Llandudno, dans le nord du Pays de Galles ; et des dauphins ont nag\u00e9 \u00e0 proximit\u00e9 des routes maritimes les plus fr\u00e9quent\u00e9es du d\u00e9troit du Bosphore, \u00e0 Istanbul. (1) Simultan\u00e9ment, des plantes et des fleurs sauvages ont pouss\u00e9 dans les rues, et des parcelles d&rsquo;espaces verts ont refleuri, permettant le retour des pollinisateurs comme les abeilles dans les centres urbains.(2)<\/p><p>\u00a0<\/p><p>Montr\u00e9al n&rsquo;a pas fait exception \u00e0 cette recrudescence de la nature. Les oiseaux sauvages ont fait escale dans notre ville devenue plus calme, et nous avons pu les entendre plus distinctement. Au parc La Fontaine, j&rsquo;ai rep\u00e9r\u00e9 des carouges \u00e0 \u00e9paulettes et \u00e9cout\u00e9 le chant du bruant \u00e0 gorge blanche, un oiseau que je n&rsquo;avais entendu auparavant que dans les parcs nationaux du Qu\u00e9bec, car il ne s\u2019approche habituellement pas des villes, trop bruyantes.<\/p><p>\u00a0<\/p><p>Ces \u00e9v\u00e9nements m&rsquo;ont fait r\u00e9fl\u00e9chir \u00e0 l&rsquo;espoir. En cette p\u00e9riode d&rsquo;incertitude quant \u00e0 la survie des \u00eatres humains sur Terre, ces histoires d&rsquo;animaux et de plantes qui se frayent un chemin hors de la nature sauvage et dans nos milieux urbains m&rsquo;ont fait r\u00e9aliser que la vie continuait malgr\u00e9 notre confinement, et que m\u00eame si nous devions dispara\u00eetre, une nouvelle vie se d\u00e9velopperait, modifiant les espaces construits, \u00e9panouie et florissante. J&rsquo;ai ressenti de l&rsquo;espoir. J&rsquo;ai vu en ce moment unique de l&rsquo;histoire la possibilit\u00e9 de fa\u00e7onner notre avenir imm\u00e9diat. Les humains sont aussi vuln\u00e9rables \u00e0 la mort et \u00e0 la disparition que toutes les autres esp\u00e8ces vivantes, c\u2019est pourquoi nous devons mettre fin aux agressions r\u00e9p\u00e9t\u00e9es contre l&rsquo;environnement. La pand\u00e9mie nous a rappel\u00e9 que nous aussi, nous sommes petits, que nous aussi sommes susceptibles de dispara\u00eetre et que, contrairement \u00e0 toute autre esp\u00e8ce, nous avons la capacit\u00e9 de changer le cours du temps. Nous repr\u00e9sentons \u00ab\u00a0la derni\u00e8re g\u00e9n\u00e9ration capable de sauver la Terre d&rsquo;une destruction irr\u00e9versible\u00a0\u00bb, comme l&rsquo;a conclu le rapport 2019 du Groupe d&rsquo;experts intergouvernemental sur l&rsquo;\u00e9volution du climat des Nations unies.<\/p><p>\u00a0<\/p><p><strong><span class=\"HwtZe\" lang=\"fr\"><span class=\"jCAhz ChMk0b\"><span class=\"ryNqvb\"><span style=\"color: #000000;\">Sur <i>\u00c9co(syst\u00e8mes) d\u2019espoir<\/i><\/span><br \/><\/span><\/span><\/span><\/strong><\/p><p>Un \u00e9cosyst\u00e8me [ensemble form\u00e9 d\u2019une communaut\u00e9 d\u2019\u00eatres vivants, ainsi que leurs interactions les uns avec des autres, et avec leur environnement] est g\u00e9n\u00e9r\u00e9 par la pr\u00e9sence de composites d\u00e9velopp\u00e9s au centre d\u2019un dense r\u00e9seau d\u2019interd\u00e9pendances et d\u2019\u00e9changes d\u2019\u00e9nergie, d\u2019information et de mati\u00e8re, permettant le d\u00e9veloppement et le maintien de la vie. Ce syst\u00e8me, qui promeut et d\u00e9veloppe la vie, ainsi que son potentiel, marche en contingence avec tous les \u00eatres vivants et non-vivants qui en font partie, rendant chaque \u00e9l\u00e9ment d\u00e9pendant de tous les autres, tous entrelac\u00e9s, entrem\u00eal\u00e9s. Pour nous, ceci est une source d\u2019espoir, prouvant que nous tirons notre propre force des connexions existantes entre chacun, ainsi que d\u2019un besoin profond de communaut\u00e9.<\/p><p>\u00a0<\/p><p>Donc, ce sont les connexions qui maintiennent la vie et catalysent l\u2019espoir. L\u2019exposition <i>\u00c9co(syst\u00e8mes) d\u2019espoir<\/i> rassemble des artistes locaux et internationaux qui s\u2019int\u00e9ressent \u00e0 la p\u00e9riode \u00e9cologique actuelle et aux imaginaires cr\u00e9atifs du futur. Certaines \u0153uvres explorent ces probl\u00e9matiques en faisant appel \u00e0 l\u2019imagination, tandis que d\u2019autres incitent \u00e0 l\u2019action. Elles questionnent le sens de l\u2019espoir, individuel et collectif et les les nuances entre \u00ab je \u00bb et \u00ab l\u2019(es) autre(s) \u00bb. <\/p><p>\u00a0<\/p><p>Pour l\u2019approche curatoriale, l\u2019id\u00e9e ma\u00eetresse est celle d\u2019\u00e9voquer le sens de l\u2019infiniment grand et de l\u2019infiniment petit, pour questionner l\u2019id\u00e9e anthropocentrique qui statue que les humains sont la mesure (et le centre) de l\u2019Univers.<\/p><p>\u00a0<\/p><p>Les \u0153uvres r\u00e9unies dans cette exposition portent un regard singulier sur l\u2019espoir, un puissant levier de r\u00e9flexion pour les concepts de relationnalit\u00e9 et de d\u00e9veloppement des communaut\u00e9s, et surtout, pour la survie de l\u2019ensemble des esp\u00e8ces vivantes sur Terre.<\/p><h2>\u00a0<\/h2><h2>Commissaire : Erandy Vergara-Vargas<\/h2>\t\t\t\t\t<\/div>\n\t\t\t\t\t\t<\/div>\n\t\t\t\t<\/div>\n\t\t\t\t\t\t<\/div>\n\t\t\t\t\t<\/div>\n\t\t<\/div>\n\t\t\t\t\t\t\t\t<\/div>\n\t\t\t\t\t<\/div>\n\t\t<\/section>\n\t\t\t\t<section class=\"elementor-section elementor-top-section elementor-element elementor-element-9dc305b elementor-section-boxed elementor-section-height-default elementor-section-height-default parallax_section_no qode_elementor_container_no\" data-id=\"9dc305b\" data-element_type=\"section\">\n\t\t\t\t\t\t<div class=\"elementor-container elementor-column-gap-default\">\n\t\t\t\t\t\t\t<div class=\"elementor-row\">\n\t\t\t\t\t<div class=\"elementor-column elementor-col-100 elementor-top-column elementor-element elementor-element-eed6753\" data-id=\"eed6753\" data-element_type=\"column\">\n\t\t\t<div class=\"elementor-column-wrap elementor-element-populated\">\n\t\t\t\t\t\t\t<div class=\"elementor-widget-wrap\">\n\t\t\t\t\t\t<div class=\"elementor-element elementor-element-51cba03 elementor-widget-divider--view-line elementor-widget elementor-widget-divider\" data-id=\"51cba03\" data-element_type=\"widget\" data-widget_type=\"divider.default\">\n\t\t\t\t<div class=\"elementor-widget-container\">\n\t\t\t\t\t<div class=\"elementor-divider\">\n\t\t\t<span class=\"elementor-divider-separator\">\n\t\t\t\t\t\t<\/span>\n\t\t<\/div>\n\t\t\t\t<\/div>\n\t\t\t\t<\/div>\n\t\t\t\t\t\t<\/div>\n\t\t\t\t\t<\/div>\n\t\t<\/div>\n\t\t\t\t\t\t\t\t<\/div>\n\t\t\t\t\t<\/div>\n\t\t<\/section>\n\t\t\t\t<section class=\"elementor-section elementor-top-section elementor-element elementor-element-2c981e1 elementor-section-boxed elementor-section-height-default elementor-section-height-default parallax_section_no qode_elementor_container_no\" data-id=\"2c981e1\" data-element_type=\"section\">\n\t\t\t\t\t\t<div class=\"elementor-container elementor-column-gap-default\">\n\t\t\t\t\t\t\t<div class=\"elementor-row\">\n\t\t\t\t\t<div class=\"elementor-column elementor-col-33 elementor-top-column elementor-element elementor-element-eb88ee8\" data-id=\"eb88ee8\" data-element_type=\"column\">\n\t\t\t<div class=\"elementor-column-wrap\">\n\t\t\t\t\t\t\t<div class=\"elementor-widget-wrap\">\n\t\t\t\t\t\t\t\t<\/div>\n\t\t\t\t\t<\/div>\n\t\t<\/div>\n\t\t\t\t<div class=\"elementor-column elementor-col-33 elementor-top-column elementor-element elementor-element-233b51c\" data-id=\"233b51c\" data-element_type=\"column\">\n\t\t\t<div class=\"elementor-column-wrap elementor-element-populated\">\n\t\t\t\t\t\t\t<div class=\"elementor-widget-wrap\">\n\t\t\t\t\t\t<div class=\"elementor-element elementor-element-0c1970f elementor-widget elementor-widget-text-editor\" data-id=\"0c1970f\" data-element_type=\"widget\" data-widget_type=\"text-editor.default\">\n\t\t\t\t<div class=\"elementor-widget-container\">\n\t\t\t\t\t\t\t\t<div class=\"elementor-text-editor elementor-clearfix\">\n\t\t\t\t<h6><span class=\"HwtZe\" lang=\"fr\" style=\"color: #000000;\"><span class=\"jCAhz ChMk0b\"><span class=\"ryNqvb\">Notes de fin<\/span><\/span><\/span><\/h6><h6><span style=\"color: #000000;\">1. Chrobak, Ula, \u201cThe real reason we\u2019re seeing more wildlife during the pandemic,\u201d Popular Science, Apr 9, 2020, &lt;https:\/\/www.popsci.com\/story\/environment\/wildlife-in-cities-covid-shutdown\/&gt;; Weber, Leah, \u201cWild Animals Explore City Streets Amid Pandemic,\u201d Discovery, April 15, 2020 &lt;https:\/\/www.discovery.com\/nature\/wild-animals-explore-city-streets-amid-pandemic&gt;; \u201cCoronavirus: Wild animals enjoy freedom of a quieter world,\u201d BBC, 29 April 2020, &lt;https:\/\/www.bbc.com\/news\/world-52459487&gt;.<\/span><\/h6><p>\u00a0<\/p><h6><span style=\"color: #000000;\">2. \u201cEl resurgir de las abejas gracias al confinamiento humano,\u201d Semana, April 20, 2020, &lt;https:\/\/www.semana.com\/medio-ambiente\/articulo\/coronavirus-en-colombia-el-resurgir-de-las-abejas-gracias-al-confinamiento-humano\/50045\/?fbclid=IwAR1SuIcJAOb8zTJkgdy1q3ydXdbqDiqKRly40rs1vyp6HeK5vmgN4W7plbw<\/span><\/h6><p>\u00a0<\/p>\t\t\t\t\t<\/div>\n\t\t\t\t\t\t<\/div>\n\t\t\t\t<\/div>\n\t\t\t\t\t\t<\/div>\n\t\t\t\t\t<\/div>\n\t\t<\/div>\n\t\t\t\t<div class=\"elementor-column elementor-col-33 elementor-top-column elementor-element elementor-element-f957d5f\" data-id=\"f957d5f\" data-element_type=\"column\">\n\t\t\t<div class=\"elementor-column-wrap\">\n\t\t\t\t\t\t\t<div class=\"elementor-widget-wrap\">\n\t\t\t\t\t\t\t\t<\/div>\n\t\t\t\t\t<\/div>\n\t\t<\/div>\n\t\t\t\t\t\t\t\t<\/div>\n\t\t\t\t\t<\/div>\n\t\t<\/section>\n\t\t\t\t\t\t\t\t\t<\/div>\n\t\t\t<\/div>\n\t\t\t\t\t<\/div>\n\t\t","protected":false},"excerpt":{"rendered":"<p>\u00c9co(Syst\u00e8mes) d&rsquo;espoir Sur l&rsquo;espoir et la vuln\u00e9rabilit\u00e9 Au printemps 2020, alors que des mesures de confinement visant \u00e0 limiter la propagation du virus de la COVID-19 \u00e9taient mises en \u0153uvre \u00e0 l&rsquo;\u00e9chelle mondiale, des images d&rsquo;animaux sauvages errant sur les routes, dans les ports et&#8230;<\/p>\n","protected":false},"author":1,"featured_media":0,"parent":0,"menu_order":0,"comment_status":"closed","ping_status":"closed","template":"","meta":[],"_links":{"self":[{"href":"https:\/\/art2022.mtlconnecte.ca\/fr\/wp-json\/wp\/v2\/pages\/2305"}],"collection":[{"href":"https:\/\/art2022.mtlconnecte.ca\/fr\/wp-json\/wp\/v2\/pages"}],"about":[{"href":"https:\/\/art2022.mtlconnecte.ca\/fr\/wp-json\/wp\/v2\/types\/page"}],"author":[{"embeddable":true,"href":"https:\/\/art2022.mtlconnecte.ca\/fr\/wp-json\/wp\/v2\/users\/1"}],"replies":[{"embeddable":true,"href":"https:\/\/art2022.mtlconnecte.ca\/fr\/wp-json\/wp\/v2\/comments?post=2305"}],"version-history":[{"count":21,"href":"https:\/\/art2022.mtlconnecte.ca\/fr\/wp-json\/wp\/v2\/pages\/2305\/revisions"}],"predecessor-version":[{"id":2956,"href":"https:\/\/art2022.mtlconnecte.ca\/fr\/wp-json\/wp\/v2\/pages\/2305\/revisions\/2956"}],"wp:attachment":[{"href":"https:\/\/art2022.mtlconnecte.ca\/fr\/wp-json\/wp\/v2\/media?parent=2305"}],"curies":[{"name":"wp","href":"https:\/\/api.w.org\/{rel}","templated":true}]}}